{"id":6,"date":"2024-12-06T18:58:48","date_gmt":"2024-12-06T17:58:48","guid":{"rendered":"https:\/\/www.pixll.fr\/?page_id=6"},"modified":"2024-12-24T18:07:11","modified_gmt":"2024-12-24T17:07:11","slug":"accueil","status":"publish","type":"page","link":"https:\/\/www.pixll.fr\/","title":{"rendered":"Accueil"},"content":{"rendered":"\n<div class=\"wp-block-group alignfull is-style-default has-base-background-color has-background has-medium-font-size has-global-padding is-layout-constrained wp-container-core-group-is-layout-77324a6d wp-block-group-is-layout-constrained\" style=\"margin-top:0;margin-bottom:0;padding-top:0;padding-right:0;padding-bottom:0;padding-left:0\">\n<div class=\"wp-block-group alignfull has-global-padding is-layout-constrained wp-block-group-is-layout-constrained\">\n<p class=\"has-text-align-center has-large-font-size\">Bienvenue dans mon univers !<\/p>\n\n\n\n<div class=\"wp-block-columns alignfull is-style-default is-layout-flex wp-container-core-columns-is-layout-28f84493 wp-block-columns-is-layout-flex\" style=\"border-radius:0px\">\n<div class=\"wp-block-column has-medium-font-size is-layout-flow wp-container-core-column-is-layout-969d0559 wp-block-column-is-layout-flow\" style=\"padding-top:var(--wp--preset--spacing--20);padding-right:var(--wp--preset--spacing--20);padding-bottom:var(--wp--preset--spacing--20);padding-left:var(--wp--preset--spacing--20)\"><\/div>\n\n\n\n<div class=\"wp-block-column has-medium-font-size is-layout-flow wp-container-core-column-is-layout-969d0559 wp-block-column-is-layout-flow\" style=\"padding-top:var(--wp--preset--spacing--20);padding-right:var(--wp--preset--spacing--20);padding-bottom:var(--wp--preset--spacing--20);padding-left:var(--wp--preset--spacing--20)\">\n<div class=\"wp-block-group has-base-background-color has-background is-vertical is-content-justification-center is-layout-flex wp-container-core-group-is-layout-180924c0 wp-block-group-is-layout-flex\" style=\"border-style:none;border-width:0px;border-radius:16px;padding-top:var(--wp--preset--spacing--20);padding-right:var(--wp--preset--spacing--20);padding-bottom:var(--wp--preset--spacing--20);padding-left:var(--wp--preset--spacing--20);box-shadow:var(--wp--preset--shadow--natural)\">\n<h2 class=\"wp-block-heading\"><\/h2>\n\n\n\n<p>Passionn\u00e9 par le d\u00e9veloppement web et la photographie, je vous invite \u00e0 d\u00e9couvrir mon monde o\u00f9 cr\u00e9ativit\u00e9 et expertise technique se rencontrent.<\/p>\n\n\n\n<p>En tant que <strong>d\u00e9veloppeur web<\/strong>, je con\u00e7ois des solutions modernes et sur mesure pour donner vie \u00e0 vos projets num\u00e9riques.<\/p>\n\n\n\n<p>Mon savoir-faire en <strong>front-end<\/strong> et <strong>back-end<\/strong> me permet d\u2019allier design soign\u00e9 et fonctionnalit\u00e9s performantes.<\/p>\n\n\n\n<p>En tant que <strong>photographe amateur<\/strong>, je capture des instants uniques, avec une passion particuli\u00e8re pour les avions de chasse et l\u2019aviation. Mes clich\u00e9s refl\u00e8tent mon regard sur le monde et ma qu\u00eate de perfection.<\/p>\n\n\n\n<p>Explorez mon portfolio, plongez dans mes projets, et n\u2019h\u00e9sitez pas \u00e0 me contacter pour collaborer. Bonne visite !<\/p>\n<\/div>\n<\/div>\n\n\n\n<div class=\"wp-block-column has-medium-font-size is-layout-flow wp-container-core-column-is-layout-969d0559 wp-block-column-is-layout-flow\" style=\"padding-top:var(--wp--preset--spacing--20);padding-right:var(--wp--preset--spacing--20);padding-bottom:var(--wp--preset--spacing--20);padding-left:var(--wp--preset--spacing--20)\"><\/div>\n<\/div>\n<\/div>\n\n\n\n<p class=\"has-medium-font-size\"><\/p>\n\n\n\n<p><\/p>\n\n\n\n<p><\/p>\n\n\n\n<p><\/p>\n\n\n\n<p><\/p>\n\n\n\n<p><\/p>\n\n\n\n<p><\/p>\n<\/div>\n","protected":false},"excerpt":{"rendered":"<p>Bienvenue dans mon univers ! Passionn\u00e9 par le d\u00e9veloppement web et la photographie, je vous invite \u00e0 d\u00e9couvrir mon monde o\u00f9 cr\u00e9ativit\u00e9 et expertise technique se rencontrent. En tant que d\u00e9veloppeur web, je con\u00e7ois des solutions modernes et sur mesure pour donner vie \u00e0 vos projets num\u00e9riques. Mon savoir-faire en front-end et back-end me permet [&hellip;]<\/p>\n","protected":false},"author":1,"featured_media":0,"parent":0,"menu_order":0,"comment_status":"closed","ping_status":"closed","template":"","meta":{"footnotes":""},"class_list":["post-6","page","type-page","status-publish","hentry"],"_links":{"self":[{"href":"https:\/\/www.pixll.fr\/index.php?rest_route=\/wp\/v2\/pages\/6","targetHints":{"allow":["GET"]}}],"collection":[{"href":"https:\/\/www.pixll.fr\/index.php?rest_route=\/wp\/v2\/pages"}],"about":[{"href":"https:\/\/www.pixll.fr\/index.php?rest_route=\/wp\/v2\/types\/page"}],"author":[{"embeddable":true,"href":"https:\/\/www.pixll.fr\/index.php?rest_route=\/wp\/v2\/users\/1"}],"replies":[{"embeddable":true,"href":"https:\/\/www.pixll.fr\/index.php?rest_route=%2Fwp%2Fv2%2Fcomments&post=6"}],"version-history":[{"count":100,"href":"https:\/\/www.pixll.fr\/index.php?rest_route=\/wp\/v2\/pages\/6\/revisions"}],"predecessor-version":[{"id":377,"href":"https:\/\/www.pixll.fr\/index.php?rest_route=\/wp\/v2\/pages\/6\/revisions\/377"}],"wp:attachment":[{"href":"https:\/\/www.pixll.fr\/index.php?rest_route=%2Fwp%2Fv2%2Fmedia&parent=6"}],"curies":[{"name":"wp","href":"https:\/\/api.w.org\/{rel}","templated":true}]}}