{"id":74,"date":"2024-12-06T23:58:21","date_gmt":"2024-12-06T22:58:21","guid":{"rendered":"https:\/\/www.pixll.fr\/?page_id=74"},"modified":"2024-12-24T12:06:14","modified_gmt":"2024-12-24T11:06:14","slug":"photo","status":"publish","type":"page","link":"https:\/\/www.pixll.fr\/?page_id=74","title":{"rendered":"Photos"},"content":{"rendered":"\n<div class=\"wp-block-group alignfull is-style-default has-base-background-color has-background has-large-font-size has-global-padding is-layout-constrained wp-container-core-group-is-layout-77324a6d wp-block-group-is-layout-constrained\" style=\"margin-top:0;margin-bottom:0;padding-top:0;padding-right:0;padding-bottom:0;padding-left:0\">\n<p class=\"has-text-align-center has-large-font-size\">Voici quelque<\/p>\n\n\n\n<p class=\"has-text-align-center has-large-font-size\">photo faite avec mon appareil Canon 600D<\/p>\n\n\n\n<div class=\"wp-block-columns alignfull is-style-default is-layout-flex wp-container-core-columns-is-layout-28f84493 wp-block-columns-is-layout-flex\" style=\"border-radius:0px\">\n<div class=\"wp-block-column has-medium-font-size is-layout-flow wp-container-core-column-is-layout-969d0559 wp-block-column-is-layout-flow\" style=\"padding-top:var(--wp--preset--spacing--20);padding-right:var(--wp--preset--spacing--20);padding-bottom:var(--wp--preset--spacing--20);padding-left:var(--wp--preset--spacing--20)\">\n<div class=\"wp-block-group has-base-background-color has-background is-vertical is-content-justification-center is-layout-flex wp-container-core-group-is-layout-180924c0 wp-block-group-is-layout-flex\" style=\"border-style:none;border-width:0px;border-radius:16px;padding-top:var(--wp--preset--spacing--20);padding-right:var(--wp--preset--spacing--20);padding-bottom:var(--wp--preset--spacing--20);padding-left:var(--wp--preset--spacing--20);box-shadow:var(--wp--preset--shadow--natural)\">\n<div class=\"wp-block-buttons is-layout-flex wp-block-buttons-is-layout-flex\">\n<div class=\"wp-block-button\"><a class=\"wp-block-button__link wp-element-button\" href=\"https:\/\/www.pixll.fr\/?page_id=198\">BA 116<\/a><\/div>\n<\/div>\n\n\n\n<p>La Base A\u00e9rienne 116 (BA 116), situ\u00e9e \u00e0 Luxeuil-les-Bains en Haute-Sa\u00f4ne, est un site strat\u00e9gique de l\u2019Arm\u00e9e de l\u2019Air et de l\u2019Espace fran\u00e7aise. Elle est particuli\u00e8rement reconnue pour abriter les c\u00e9l\u00e8bres avions de chasse <strong>Mirage 2000-5F<\/strong>, d\u00e9di\u00e9s \u00e0 la d\u00e9fense a\u00e9rienne et \u00e0 l\u2019interception rapide. La BA 116 est une pi\u00e8ce ma\u00eetresse du dispositif de <strong>Permanence Op\u00e9rationnelle (PO)<\/strong>, assurant la mission de <strong>police du ciel<\/strong> 24 heures sur 24. Cette mission essentielle garantit la s\u00e9curit\u00e9 de l\u2019espace a\u00e9rien fran\u00e7ais en d\u00e9tectant et interceptant toute menace potentielle.<\/p>\n\n\n\n<p>Au-del\u00e0 de son r\u00f4le militaire, la BA 116 entretient des liens forts avec les communaut\u00e9s locales, contribuant au d\u00e9veloppement \u00e9conomique de la r\u00e9gion. Symbole de performance et de service national, elle incarne les valeurs d\u2019engagement et de d\u00e9fense, tout en pr\u00e9servant un riche patrimoine a\u00e9ronautique \u00e0 travers des \u00e9v\u00e9nements et des comm\u00e9morations qui rappellent son importance historique.<\/p>\n<\/div>\n<\/div>\n\n\n\n<div class=\"wp-block-column has-medium-font-size is-layout-flow wp-container-core-column-is-layout-969d0559 wp-block-column-is-layout-flow\" style=\"padding-top:var(--wp--preset--spacing--20);padding-right:var(--wp--preset--spacing--20);padding-bottom:var(--wp--preset--spacing--20);padding-left:var(--wp--preset--spacing--20)\">\n<div class=\"wp-block-group has-base-background-color has-background is-vertical is-content-justification-center is-layout-flex wp-container-core-group-is-layout-180924c0 wp-block-group-is-layout-flex\" style=\"border-style:none;border-width:0px;border-radius:16px;padding-top:var(--wp--preset--spacing--20);padding-right:var(--wp--preset--spacing--20);padding-bottom:var(--wp--preset--spacing--20);padding-left:var(--wp--preset--spacing--20);box-shadow:var(--wp--preset--shadow--natural)\">\n<div class=\"wp-block-buttons is-layout-flex wp-block-buttons-is-layout-flex\">\n<div class=\"wp-block-button\"><a class=\"wp-block-button__link wp-element-button\" href=\"https:\/\/www.pixll.fr\/?page_id=201\">Taprobane<\/a><\/div>\n<\/div>\n\n\n\n<p>La <strong>CIE Taprobane<\/strong> est une compagnie artistique professionnelle d\u00e9di\u00e9e \u00e0 la cr\u00e9ation de spectacles uniques et m\u00e9morables. Sp\u00e9cialis\u00e9e dans l\u2019\u00e9v\u00e8nementiel, la cascade, le th\u00e9\u00e2tre, l\u2019escrime artistique et la jonglerie de feu, elle m\u00eale cr\u00e9ativit\u00e9 et technicit\u00e9 pour offrir des prestations sur mesure. Son \u00e9quipe d\u2019artistes talentueux met son savoir-faire au service d\u2019exp\u00e9riences visuelles et \u00e9motionnelles, que ce soit pour des \u00e9v\u00e9nements publics ou priv\u00e9s, des productions cin\u00e9matographiques, ou des projets culturels ambitieux.<\/p>\n\n\n\n<p>Reconnue pour son excellence et son engagement en mati\u00e8re de s\u00e9curit\u00e9, la CIE Taprobane se distingue par sa capacit\u00e9 \u00e0 marier \u00e9l\u00e9gance et spectacle. Jongleurs de feu captivants, escrimeurs artistiques pr\u00e9cis, cascadeurs audacieux et com\u00e9diens passionn\u00e9s s\u2019unissent pour donner vie \u00e0 des performances qui \u00e9merveillent et inspirent. Avec Taprobane, chaque projet devient une \u0153uvre d\u2019art \u00e0 part enti\u00e8re, taill\u00e9e pour marquer durablement les esprits.<\/p>\n<\/div>\n<\/div>\n\n\n\n<div class=\"wp-block-column has-medium-font-size is-layout-flow wp-container-core-column-is-layout-969d0559 wp-block-column-is-layout-flow\" style=\"padding-top:var(--wp--preset--spacing--20);padding-right:var(--wp--preset--spacing--20);padding-bottom:var(--wp--preset--spacing--20);padding-left:var(--wp--preset--spacing--20)\">\n<div class=\"wp-block-group has-base-background-color has-background is-vertical is-content-justification-center is-layout-flex wp-container-core-group-is-layout-a369a168 wp-block-group-is-layout-flex\" style=\"border-style:none;border-width:0px;border-radius:16px;padding-top:var(--wp--preset--spacing--20);padding-right:var(--wp--preset--spacing--20);padding-bottom:var(--wp--preset--spacing--20);padding-left:var(--wp--preset--spacing--20);box-shadow:var(--wp--preset--shadow--natural)\">\n<div class=\"wp-block-buttons is-layout-flex wp-block-buttons-is-layout-flex\">\n<div class=\"wp-block-button\"><a class=\"wp-block-button__link wp-element-button\" href=\"https:\/\/www.pixll.fr\/?page_id=204\">Venise \u00e0 Luxeuil<\/a><\/div>\n<\/div>\n\n\n\n<p>Chaque ann\u00e9e, la ville thermale de Luxeuil-les-Bains, en Haute-Sa\u00f4ne, se transforme en un v\u00e9ritable th\u00e9\u00e2tre \u00e0 ciel ouvert, \u00e9voquant le charme et la magie de Venise. Lors de l\u2019\u00e9v\u00e9nement <strong>\u00ab\u00a0Venise \u00e0 Luxeuil\u00a0\u00bb<\/strong>, les ruelles historiques de la ville accueillent des d\u00e9fil\u00e9s de personnages costum\u00e9s, orn\u00e9s de masques somptueux et de v\u00eatements aux couleurs \u00e9clatantes. Les participants, passionn\u00e9s par l\u2019art et la culture v\u00e9nitienne, recr\u00e9ent l\u2019\u00e9l\u00e9gance et le myst\u00e8re du c\u00e9l\u00e8bre Carnaval de Venise. Cette c\u00e9l\u00e9bration unique est \u00e9galement rythm\u00e9e par des animations musicales, des performances artistiques et parfois des d\u00e9monstrations artisanales autour de l\u2019univers v\u00e9nitien.<\/p>\n\n\n\n<p>Le cadre authentique de Luxeuil, avec ses b\u00e2tisses anciennes et son ambiance conviviale, sublime cet \u00e9v\u00e9nement qui attire chaque ann\u00e9e un public nombreux, amateurs de culture et passionn\u00e9s de photographie. L\u2019association entre le patrimoine local et la richesse artistique de Venise cr\u00e9e un spectacle visuel et sonore hors du commun, faisant de ce rendez-vous un moment incontournable dans la r\u00e9gion.<\/p>\n<\/div>\n<\/div>\n<\/div>\n<\/div>\n","protected":false},"excerpt":{"rendered":"<p>Voici quelque photo faite avec mon appareil Canon 600D La Base A\u00e9rienne 116 (BA 116), situ\u00e9e \u00e0 Luxeuil-les-Bains en Haute-Sa\u00f4ne, est un site strat\u00e9gique de l\u2019Arm\u00e9e de l\u2019Air et de l\u2019Espace fran\u00e7aise. Elle est particuli\u00e8rement reconnue pour abriter les c\u00e9l\u00e8bres avions de chasse Mirage 2000-5F, d\u00e9di\u00e9s \u00e0 la d\u00e9fense a\u00e9rienne et \u00e0 l\u2019interception rapide. La [&hellip;]<\/p>\n","protected":false},"author":1,"featured_media":0,"parent":0,"menu_order":0,"comment_status":"closed","ping_status":"closed","template":"","meta":{"footnotes":""},"class_list":["post-74","page","type-page","status-publish","hentry"],"_links":{"self":[{"href":"https:\/\/www.pixll.fr\/index.php?rest_route=\/wp\/v2\/pages\/74","targetHints":{"allow":["GET"]}}],"collection":[{"href":"https:\/\/www.pixll.fr\/index.php?rest_route=\/wp\/v2\/pages"}],"about":[{"href":"https:\/\/www.pixll.fr\/index.php?rest_route=\/wp\/v2\/types\/page"}],"author":[{"embeddable":true,"href":"https:\/\/www.pixll.fr\/index.php?rest_route=\/wp\/v2\/users\/1"}],"replies":[{"embeddable":true,"href":"https:\/\/www.pixll.fr\/index.php?rest_route=%2Fwp%2Fv2%2Fcomments&post=74"}],"version-history":[{"count":71,"href":"https:\/\/www.pixll.fr\/index.php?rest_route=\/wp\/v2\/pages\/74\/revisions"}],"predecessor-version":[{"id":358,"href":"https:\/\/www.pixll.fr\/index.php?rest_route=\/wp\/v2\/pages\/74\/revisions\/358"}],"wp:attachment":[{"href":"https:\/\/www.pixll.fr\/index.php?rest_route=%2Fwp%2Fv2%2Fmedia&parent=74"}],"curies":[{"name":"wp","href":"https:\/\/api.w.org\/{rel}","templated":true}]}}